{"id":1163,"date":"2016-04-10T16:35:14","date_gmt":"2016-04-10T15:35:14","guid":{"rendered":"http:\/\/trucks.groupedupont.be\/?page_id=1163"},"modified":"2023-03-22T17:30:03","modified_gmt":"2023-03-22T16:30:03","slug":"accueil","status":"publish","type":"page","link":"https:\/\/www.trucksused.net\/fr\/","title":{"rendered":"Accueil"},"content":{"rendered":"<p>\n<div class=\"listing-view margin-bottom-20\">\n<div class=\"row\">\n<div class=\"col-lg-8 col-md-6 col-sm-6 col-xs-12 padding-none\">\n<span class=\"ribbon\"><strong><span class=\"number_of_listings\">2<\/span> <span class=\"listings_grammar\">Occasions<\/span> Correspondant:<\/strong><\/span>\n<ul class=\"ribbon-item filter margin-bottom-none\" data-all-listings=\"Toutes les annonces\">\n<li data-type='All' data-filter='All'>Toutes les annonces<\/li><\/ul>\n<\/div>\n<div class=\"col-lg-4 col-md-6 col-sm-6 col-xs-12 pull-right select_view padding-none\" data-layout=\"wide_fullwidth\"><\/div>\n<\/div>\n<\/div>\n<div class=\"clearfix\"><\/div>\r\n<form method=\"post\" action=\"#\" class=\"listing_sort\">\r\n\t<div class=\"select-wrapper listing_select clearfix margin-bottom-15\"\t>\r\n\t\t<div class=\"my-dropdown marque-dropdown\"><select name=\"marque\" class=\"listing_filter\" data-sort=\"marque\" data-prefix=\"All\" data-label-singular=\"Marque\" data-label-plural=\"Marque\" data-no-options=\"Pas d\u2019options\" data-compare-value=\"=\">\n<option value=''>All Marque<\/option>\n\t<option value='ACIKO' data-key='aciko'>ACIKO<\/option>\n\t<option value='VERACHTERT' data-key='verachtert'>VERACHTERT<\/option>\n<\/select>\n\n<\/div><div class=\"my-dropdown categorie-dropdown\"><select name=\"categorie\" class=\"listing_filter\" data-sort=\"categorie\" data-prefix=\"All\" data-label-singular=\"Cat\u00e9gorie\" data-label-plural=\"Cat\u00e9gorie\" data-no-options=\"Pas d\u2019options\" data-compare-value=\"=\">\n<option value=''>All Cat\u00e9gorie<\/option>\n\t<option value='GODET' data-key='godet'>GODET<\/option>\n<\/select>\n\n<\/div><div class=\"my-dropdown type-dropdown\"><select name=\"type\" class=\"listing_filter\" data-sort=\"type\" data-prefix=\"All\" data-label-singular=\"Type\" data-label-plural=\"Type\" data-no-options=\"Pas d\u2019options\" data-compare-value=\"=\">\n<option value=''>All Type<\/option>\n<option value=''>Pas d\u2019options<\/option>\n<\/select>\n\n<\/div><div class=\"my-dropdown annee-dropdown\"><select name=\"annee\" class=\"listing_filter\" data-sort=\"annee\" data-prefix=\"All\" data-label-singular=\"Ann\u00e9e\" data-label-plural=\"Ann\u00e9e\" data-no-options=\"Pas d\u2019options\" data-compare-value=\"=\">\n<option value=''>All Ann\u00e9e<\/option>\n<option value=''>Pas d\u2019options<\/option>\n<\/select>\n\n<\/div><div class=\"my-dropdown kilometrage-dropdown\"><select name=\"kilometrage\" class=\"listing_filter\" data-sort=\"kilometrage\" data-prefix=\"All\" data-label-singular=\"Kilom\u00e9trage\" data-label-plural=\"kilom\u00e9trage\" data-no-options=\"Pas d\u2019options\" data-compare-value=\"=\">\n<option value=''>All kilom\u00e9trage<\/option>\n<option value=''>Pas d\u2019options<\/option>\n<\/select>\n\n<\/div><div class=\"my-dropdown n-serie-dropdown\"><select name=\"n-serie\" class=\"listing_filter\" data-sort=\"n-serie\" data-prefix=\"All\" data-label-singular=\"N\u00b0 S\u00e9rie\" data-label-plural=\"N\u00b0 S\u00e9rie\" data-no-options=\"Pas d\u2019options\" data-compare-value=\"=\">\n<option value=''>All N\u00b0 S\u00e9rie<\/option>\n<option value=''>Pas d\u2019options<\/option>\n<\/select>\n\n<\/div><div class=\"my-dropdown puissance-dropdown\"><select name=\"puissance\" class=\"listing_filter\" data-sort=\"puissance\" data-prefix=\"All\" data-label-singular=\"Puissance\" data-label-plural=\"Puissance\" data-no-options=\"Pas d\u2019options\" data-compare-value=\"=\">\n<option value=''>All Puissance<\/option>\n<option value=''>Pas d\u2019options<\/option>\n<\/select>\n\n<\/div><div class=\"my-dropdown heures-dropdown\"><select name=\"heures\" class=\"listing_filter\" data-sort=\"heures\" data-prefix=\"All\" data-label-singular=\"Heures\" data-label-plural=\"Heures\" data-no-options=\"Pas d\u2019options\" data-compare-value=\"=\">\n<option value=''>All Heures<\/option>\n<option value=''>Pas d\u2019options<\/option>\n<\/select>\n\n<\/div><div class=\"my-dropdown pneus-dropdown\"><select name=\"pneus\" class=\"listing_filter\" data-sort=\"pneus\" data-prefix=\"All\" data-label-singular=\"Pneus\" data-label-plural=\"Pneus\" data-no-options=\"Pas d\u2019options\" data-compare-value=\"=\">\n<option value=''>All Pneus<\/option>\n<option value=''>Pas d\u2019options<\/option>\n<\/select>\n\n<\/div><div class=\"my-dropdown options-prix-dropdown\"><select name=\"options-prix\" class=\"listing_filter\" data-sort=\"options-prix\" data-prefix=\"All\" data-label-singular=\"Options Prix\" data-label-plural=\"Options Prix\" data-no-options=\"Pas d\u2019options\" data-compare-value=\"=\">\n<option value=''>All Options Prix<\/option>\n<option value=''>Pas d\u2019options<\/option>\n<\/select>\n\n<\/div><div class=\"my-dropdown couleur-dropdown\"><select name=\"couleur\" class=\"listing_filter\" data-sort=\"couleur\" data-prefix=\"All\" data-label-singular=\"Couleur\" data-label-plural=\"Couleur\" data-no-options=\"Pas d\u2019options\" data-compare-value=\"=\">\n<option value=''>All Couleur<\/option>\n<option value=''>Pas d\u2019options<\/option>\n<\/select>\n\n<\/div><div class=\"my-dropdown tonnage-dropdown\"><select name=\"tonnage\" class=\"listing_filter\" data-sort=\"tonnage\" data-prefix=\"All\" data-label-singular=\"Tonnage\" data-label-plural=\"Tonnage\" data-no-options=\"Pas d\u2019options\" data-compare-value=\"=\">\n<option value=''>All Tonnage<\/option>\n<option value=''>Pas d\u2019options<\/option>\n<\/select>\n\n<\/div><div class=\"my-dropdown moteur-dropdown\"><select name=\"moteur\" class=\"listing_filter\" data-sort=\"moteur\" data-prefix=\"All\" data-label-singular=\"Moteur\" data-label-plural=\"Moteur\" data-no-options=\"Pas d\u2019options\" data-compare-value=\"=\">\n<option value=''>All Moteur<\/option>\n<option value=''>Pas d\u2019options<\/option>\n<\/select>\n\n<\/div><div class=\"my-dropdown suspension-arriere-dropdown\"><select name=\"suspension-arriere\" class=\"listing_filter\" data-sort=\"suspension-arriere\" data-prefix=\"All\" data-label-singular=\"Suspension arri\u00e8re\" data-label-plural=\"Suspension arri\u00e8re\" data-no-options=\"Pas d\u2019options\" data-compare-value=\"=\">\n<option value=''>All Suspension arri\u00e8re<\/option>\n<option value=''>Pas d\u2019options<\/option>\n<\/select>\n\n<\/div><div class=\"my-dropdown boite-de-vitesse-dropdown\"><select name=\"boite-de-vitesse\" class=\"listing_filter\" data-sort=\"boite-de-vitesse\" data-prefix=\"All\" data-label-singular=\"Boite de vitesse\" data-label-plural=\"Boite de vitesse\" data-no-options=\"Pas d\u2019options\" data-compare-value=\"=\">\n<option value=''>All Boite de vitesse<\/option>\n<option value=''>Pas d\u2019options<\/option>\n<\/select>\n\n<\/div><div class=\"my-dropdown empattement-dropdown\"><select name=\"empattement\" class=\"listing_filter\" data-sort=\"empattement\" data-prefix=\"All\" data-label-singular=\"Empattement\" data-label-plural=\"Empattement\" data-no-options=\"Pas d\u2019options\" data-compare-value=\"=\">\n<option value=''>All Empattement<\/option>\n<option value=''>Pas d\u2019options<\/option>\n<\/select>\n\n<\/div><div class=\"my-dropdown pont-dropdown\"><select name=\"pont\" class=\"listing_filter\" data-sort=\"pont\" data-prefix=\"All\" data-label-singular=\"Pont\" data-label-plural=\"Pont\" data-no-options=\"Pas d\u2019options\" data-compare-value=\"=\">\n<option value=''>All Pont<\/option>\n<option value=''>Pas d\u2019options<\/option>\n<\/select>\n\n<\/div><div class=\"my-dropdown rapport-de-pont-dropdown\"><select name=\"rapport-de-pont\" class=\"listing_filter\" data-sort=\"rapport-de-pont\" data-prefix=\"All\" data-label-singular=\"Rapport de pont\" data-label-plural=\"Rapport de pont\" data-no-options=\"Pas d\u2019options\" data-compare-value=\"=\">\n<option value=''>All Rapport de pont<\/option>\n<option value=''>Pas d\u2019options<\/option>\n<\/select>\n\n<\/div>\r\n\t\t<div class=\"loading_results\">\r\n\t\t\t<i class=\"fa fa-circle-o-notch fa-spin\"><\/i>\r\n\t\t<\/div>\r\n\t<\/div>\r\n\t<div class=\"select-wrapper pagination clearfix margin-bottom-15\">\r\n\t\t<div class=\"row\">\r\n\t\t\t<div class=\"col-lg-4 col-md-4 col-sm-12 col-xs-12 sort-by-menu\">\r\n\t\t\t\t\t\t\t\t\t<span class=\"sort-by\" style='display: none;'>Trier par:<\/span>\r\n\t\t\t\t\t<div class=\"my-dropdown price-ascending-dropdown\" style='display: none;'>\r\n\t\t\t\t\t\t<select name=\"price_order\" class=\"listing_filter\" tabindex=\"1\" >\r\n\t\t\t\t\t\t\t<option value='title|ASC'>Titre Ascendant<\/option>\n<option value='title|DESC' selected='selected'>Titre Descendant<\/option>\n<option value='date|ASC'>Date d'ajout Ascendant<\/option>\n<option value='date|DESC'>Date d'ajout Descendant<\/option>\n<option value='random'>Al\u00e9atoire<\/option>\n\t\t\t\t\t\t<\/select>\r\n\t\t\t\t\t<\/div>\r\n\t\t\t<\/div>\r\n\t\t\t<div class=\"col-lg-3 col-md-4 col-sm-12 col-xs-12\">\r\n\t\t\t\t<div class=\"controls full page_of\" data-page=\"1\"><a href=\"#\" class=\"left-arrow disabled\"><i class=\"fa fa-angle-left\"><\/i><\/a><span>Page <span class=\"current_page\">1<\/span> de <span class=\"total_pages\">1<\/span><\/span><a href=\"#\" class=\"right-arrow disabled\"><i class=\"fa fa-angle-right\"><\/i><\/a><\/div>\t\t\t<\/div>\r\n\t\t\t<div class=\"col-lg-4 col-md-4 col-sm-12 col-xs-12 offset-lg-1\">\r\n\t\t\t\t<ul class=\"form-links top_buttons\">\r\n\t\t\t\t\t\t\t\t\t\t<li><a href=\"#\" class=\"gradient_button reset\">R\u00e9initialiser les filtres<\/a><\/li>\r\n\t\t\t\t\t\t\t\t\t<\/ul>\r\n\t\t\t<\/div>\r\n\t\t<\/div>\r\n\t<\/div>\r\n<\/form>\r\n<div class='row generate_new'><div class=\"content-wrap car_listings row\"><div class=\"col-lg-12\">\r\n\t<div class=\"inventory clearfix margin-bottom-20 styled_input has-tax-label has-photoswipe\" data-listing=\"2341\">\r\n\t\t\t\t\r\n\t\t\r\n\t\t<a class=\"inventory\" href=\"https:\/\/www.trucksused.net\/fr\/occasions\/godet-claire-voie\/\">\r\n\t\t\t<div class=\"title\">GODET CLAIRE VOIE<\/div>\r\n\r\n\t\t\t<img decoding=\"async\" src=\"https:\/\/www.trucksused.net\/wp-content\/uploads\/2020\/03\/Lot-n3-002-1-200x150.jpg\" class=\"preview\" alt=\"\" width=\"200\" height=\"150\"\r\n                 data-gallery-images='[{\"src\":\"https:\\\/\\\/www.trucksused.net\\\/wp-content\\\/uploads\\\/2020\\\/03\\\/Lot-n3-002-1.jpg\",\"w\":1200,\"h\":900},{\"src\":\"https:\\\/\\\/www.trucksused.net\\\/wp-content\\\/uploads\\\/2020\\\/03\\\/Lot-n3-bis-002-1.jpg\",\"w\":1200,\"h\":900}]'>\r\n\r\n\t\t\t<p class=\"vehicle_overview\">GODET CLAIRE VOIE A ATTACHEMENT RAPIDE POUR CATERPILLAR IT18-IT28\r\n\r\nLargeur 2.50 m - capacit\u00e9 2.5 m\u00b3\r\n\r\nFabrication +\/- 2006 - 2008\r\n\r\nFer rond plein de 25 mm de diam\u00e8tre - lame droite soud\u00e9e neu [...]<\/p>\r\n\t\t\t<div class=\"view-details gradient_button\">\r\n\t\t\t\t<i class='fa fa-plus-circle'><\/i> Voir les d\u00e9tails\t\t\t<\/div>\r\n\r\n\t\t\t<div class=\"clearfix\"><\/div>\r\n\t\t<\/a>\r\n\r\n\t\t\r\n\t\t\t\t<div class=\"price\">\r\n\t\t\t\t\t\t\t\t\t\t\t<b class=\"current-price\">Prix :<\/b>\r\n\t\t\t\t\t\t<div class=\"figure\">\r\n\t\t\t\t\t\t\t2.500\u20ac\t\t\t\t\t\t<\/div>\r\n\t\t\t\t\t\t<div class=\"tax\">HORS TVA 21 %<\/div>\n\t\t\t\t<\/div>\r\n\t\t\t\r\n\t\t\r\n\t\t\t<\/div>\r\n<\/div>\r\n<div class=\"col-lg-12\">\r\n\t<div class=\"inventory clearfix margin-bottom-20 styled_input has-tax-label has-photoswipe\" data-listing=\"2330\">\r\n\t\t\t\t\r\n\t\t\r\n\t\t<a class=\"inventory\" href=\"https:\/\/www.trucksused.net\/fr\/occasions\/godet-2\/\">\r\n\t\t\t<div class=\"title\">GODET<\/div>\r\n\r\n\t\t\t<img decoding=\"async\" src=\"https:\/\/www.trucksused.net\/wp-content\/uploads\/2020\/03\/Lot-n1-002-200x150.jpg\" class=\"preview\" alt=\"\" width=\"200\" height=\"150\"\r\n                 data-gallery-images='[{\"src\":\"https:\\\/\\\/www.trucksused.net\\\/wp-content\\\/uploads\\\/2020\\\/03\\\/Lot-n1-002.jpg\",\"w\":1386,\"h\":1040},{\"src\":\"https:\\\/\\\/www.trucksused.net\\\/wp-content\\\/uploads\\\/2020\\\/03\\\/Lot-n1-bis-002.jpg\",\"w\":1459,\"h\":1094}]'>\r\n\r\n\t\t\t<p class=\"vehicle_overview\">GODET A ATTACHEMENT DIRECT ET A HAUT DEVERSEMENT POUR VOLVO L150-L180\r\n\r\nLargeur : 3.20 m - capacit\u00e9 6 m\u00b3 \/\/ poids du godet : 2.800 kg\r\n\r\nEn parfait \u00e9tat de marche, \u00e9tat neuf\r\n\r\nBord droit - contr [...]<\/p>\r\n\t\t\t<div class=\"view-details gradient_button\">\r\n\t\t\t\t<i class='fa fa-plus-circle'><\/i> Voir les d\u00e9tails\t\t\t<\/div>\r\n\r\n\t\t\t<div class=\"clearfix\"><\/div>\r\n\t\t<\/a>\r\n\r\n\t\t\r\n\t\t\t\t<div class=\"price\">\r\n\t\t\t\t\t\t\t\t\t\t\t<b class=\"current-price\">Prix :<\/b>\r\n\t\t\t\t\t\t<div class=\"figure\">\r\n\t\t\t\t\t\t\t15.000\u20ac\t\t\t\t\t\t<\/div>\r\n\t\t\t\t\t\t<div class=\"tax\">HORS TVA 21 %<\/div>\n\t\t\t\t<\/div>\r\n\t\t\t\r\n\t\t\r\n\t\t\t<\/div>\r\n<\/div>\r\n<div class=\"clearfix\"><\/div><\/div><div class=\"col-lg-12 col-md-12 col-sm-12 col-xs-12 pagination_container\">\n\r\n\t\t\t<ul class=\"pagination margin-bottom-none margin-top-25 md-margin-bottom-none bottom_pagination\">\n\t<li data-page='previous' class='disabled previous'><a href='#'><i class='fa fa-angle-left'><\/i><\/a><\/li>\n\t<li data-page='1' class='disabled number active'><a href='#'>1<\/a><\/li>\n\t<li data-page='next' class='disabled next'><a href='#'><i class='fa fa-angle-right'><\/i><\/a><\/li>\n<\/ul>\n<\/div>\n<\/div><div id='autocheck_history_report'><\/div><div class='clearfix'><\/div><div id=\"youtube_video\">\r\n\t\t\t<iframe width=\"560\" height=\"315\" src=\"about:blank\" allowfullscreen style=\"width: 560px; height: 315px; border: 0;\"><\/iframe>\r\n\t\t<\/div>\t    <div class=\"recent-vehicles-wrap\">\r\n\t\t\t<div class=\"row\">\r\n\t\t\t\t\t   \t\t\t<div class=\"col-lg-12 col-md-12 col-sm-2\">\r\n\t   \t\t\t\t\t\t\t\t\t<div class=\"carousel-slider3\" data-autoscroll='true' data-slide-width='167' >\r\n\t\t\t\t\t\t<div class=\"slide\"><a href=\"https:\/\/www.trucksused.net\/fr\/occasions\/godet-claire-voie\/\"><div class=\"car-block\"><div class=\"img-flex\"><span class=\"align-center\"><i class=\"fa fa-3x fa-plus-square-o\"><\/i><\/span> <img decoding=\"async\" src=\"https:\/\/www.trucksused.net\/wp-content\/uploads\/2020\/03\/Lot-n3-002-1-167x119.jpg\" alt=\"\" class=\"img-responsive no_border\" width=\"167\" height=\"119\"> <\/div><div class=\"car-block-bottom\"><div class='scroller_text'><strong>GODET CLAIRE VOIE<\/strong><\/div><div class='scroller_text'><\/div><span class=\"scroller_price\">2.500\u20ac<\/span><\/div><\/div><\/a><\/div><div class=\"slide\"><a href=\"https:\/\/www.trucksused.net\/fr\/occasions\/godet-2\/\"><div class=\"car-block\"><div class=\"img-flex\"><span class=\"align-center\"><i class=\"fa fa-3x fa-plus-square-o\"><\/i><\/span> <img loading=\"lazy\" decoding=\"async\" src=\"https:\/\/www.trucksused.net\/wp-content\/uploads\/2020\/03\/Lot-n1-002-167x119.jpg\" alt=\"\" class=\"img-responsive no_border\" width=\"167\" height=\"119\"> <\/div><div class=\"car-block-bottom\"><div class='scroller_text'><strong>GODET<\/strong><\/div><div class='scroller_text'><\/div><span class=\"scroller_price\">15.000\u20ac<\/span><\/div><\/div><\/a><\/div>\t                <\/div>\r\n\r\n\t\t\t\t\t\t\t\t\t\t\t\t\t\t\t\t\t\t\t<div class=\"arrow3 clearfix\" id=\"slideControls3\"><span class=\"prev-btn\"><\/span><span class=\"next-btn\"><\/span><\/div>\r\n\t\t\t\t\t\t\t\t\t\t    \t\t<\/div>\r\n\r\n\t            <div class=\"clear\"><\/div>\r\n\t\t\t<\/div>\r\n\t    <\/div>\r\n\t<\/p>\n","protected":false},"excerpt":{"rendered":"<p>GODET A ATTACHEMENT DIRECT ET A HAUT DEVERSEMENT POUR VOLVO L150-L180<\/p>\n<p>Largeur : 3.20 m &#8211; capacit\u00e9 6 m\u00b3 \/\/ poids du godet : 2.800 kg<\/p>\n<p>En parfait \u00e9tat de marche, \u00e9tat neuf<\/p>\n<p>Bord droit &#8211; contrelame r\u00e9versible en 3 parties 400 HB + grille sup\u00e9rieure de 500 mm &#8211; talons d&rsquo;usure boulonn\u00e9s<\/p>\n<p>Disponible sur notre parc de Tournai \/ LOT 1<\/p>\n<p>Pour tout information, contactez M. Guy DUPONT au 0475\/47.07.57 ou guy.dupont@genieroute.be\u00a0<\/p>\n<p>&nbsp;<\/p>\n","protected":false},"author":1,"featured_media":0,"parent":0,"menu_order":0,"comment_status":"closed","ping_status":"closed","template":"","meta":{"footnotes":""},"_links":{"self":[{"href":"https:\/\/www.trucksused.net\/fr\/wp-json\/wp\/v2\/pages\/1163"}],"collection":[{"href":"https:\/\/www.trucksused.net\/fr\/wp-json\/wp\/v2\/pages"}],"about":[{"href":"https:\/\/www.trucksused.net\/fr\/wp-json\/wp\/v2\/types\/page"}],"author":[{"embeddable":true,"href":"https:\/\/www.trucksused.net\/fr\/wp-json\/wp\/v2\/users\/1"}],"replies":[{"embeddable":true,"href":"https:\/\/www.trucksused.net\/fr\/wp-json\/wp\/v2\/comments?post=1163"}],"version-history":[{"count":7,"href":"https:\/\/www.trucksused.net\/fr\/wp-json\/wp\/v2\/pages\/1163\/revisions"}],"predecessor-version":[{"id":2561,"href":"https:\/\/www.trucksused.net\/fr\/wp-json\/wp\/v2\/pages\/1163\/revisions\/2561"}],"wp:attachment":[{"href":"https:\/\/www.trucksused.net\/fr\/wp-json\/wp\/v2\/media?parent=1163"}],"curies":[{"name":"wp","href":"https:\/\/api.w.org\/{rel}","templated":true}]}}